{"id":1627428,"date":"2024-11-28T12:51:18","date_gmt":"2024-11-28T17:51:18","guid":{"rendered":"https:\/\/www.power-link.ca\/?page_id=1627428"},"modified":"2024-11-28T13:31:59","modified_gmt":"2024-11-28T18:31:59","slug":"politique-de-confidentialite","status":"publish","type":"page","link":"https:\/\/www.power-link.ca\/fr\/politique-de-confidentialite\/","title":{"rendered":"Politique de confidentialit\u00e9"},"content":{"rendered":"<div class=\"wpb-content-wrapper\"><p>[vc_row][vc_column el_class=\u00a0\u00bbpaddingmobile\u00a0\u00bb][vc_column_text]<b><span style=\"text-decoration: underline;\">Derni\u00e8re mise \u00e0 jour :<\/span> 28 novembre 2024<\/b><br \/>\n<b><span style=\"text-decoration: underline;\">Date d&rsquo;entr\u00e9e en vigueur :<\/span> 28 novembre 2024<\/b><\/p>\n<p>&nbsp;<\/p>\n<p><span style=\"font-weight: 400;\">Cette politique de confidentialit\u00e9 d\u00e9crit les pratiques de Power-link, situ\u00e9e au 5405 J.A. Bombardier, St-Hubert, Qu\u00e9bec J3Z 1K3, Canada, email : <a style=\"color: #d60015;\" href=\"mailto:ventes@power-link.ca\">ventes@power-link.ca<\/a>, t\u00e9l\u00e9phone : <a href=\"tel:+18004631443\">1.800.463.1443<\/a>, concernant la collecte, l\u2019utilisation et la divulgation de vos informations lorsque vous utilisez notre site web (Power-link.ca) (le \u00ab Service \u00bb). En acc\u00e9dant ou en utilisant le Service, vous consentez \u00e0 la collecte, l\u2019utilisation et la divulgation de vos informations conform\u00e9ment \u00e0 cette politique de confidentialit\u00e9. Si vous n\u2019y consentez pas, veuillez ne pas acc\u00e9der ni utiliser le Service.<\/span><\/p>\n<p><span style=\"font-weight: 400;\">Nous pouvons modifier cette politique de confidentialit\u00e9 \u00e0 tout moment sans pr\u00e9avis et publierons la politique r\u00e9vis\u00e9e sur le Service. La politique r\u00e9vis\u00e9e entrera en vigueur 180 jours apr\u00e8s sa publication sur le Service et votre acc\u00e8s ou utilisation continue du Service apr\u00e8s cette p\u00e9riode constituera votre acceptation de la politique r\u00e9vis\u00e9e. Nous vous recommandons donc de consulter cette page p\u00e9riodiquement.<\/span><\/p>\n<p>&nbsp;<\/p>\n<h3><b>Comment nous collectons vos informations<\/b><\/h3>\n<p><span style=\"font-weight: 400;\">Nous collectons\/recevons des informations vous concernant de la mani\u00e8re suivante :<\/span><\/p>\n<ul>\n<li><span style=\"font-weight: 400;\">Lorsque vous remplissez un formulaire d&rsquo;inscription ou fournissez des informations personnelles d&rsquo;une autre mani\u00e8re<\/span><\/li>\n<li><span style=\"font-weight: 400;\">Lorsque vous interagissez avec le site web<\/span><\/li>\n<li><span style=\"font-weight: 400;\">\u00c0 partir de sources publiques<\/span><\/li>\n<\/ul>\n<p>&nbsp;<\/p>\n<h3><b>Comment nous utilisons vos informations<\/b><\/h3>\n<p><span style=\"font-weight: 400;\">Nous utilisons les informations que nous collectons \u00e0 votre sujet aux fins suivantes :<\/span><\/p>\n<ul>\n<li><span style=\"font-weight: 400;\">Traitement des paiements<\/span><\/li>\n<\/ul>\n<p><span style=\"font-weight: 400;\">Si nous souhaitons utiliser vos informations \u00e0 d&rsquo;autres fins, nous vous demanderons votre consentement et n&rsquo;utiliserons vos informations qu&rsquo;apr\u00e8s avoir obtenu votre consentement, et uniquement pour les fins pour lesquelles il a \u00e9t\u00e9 accord\u00e9, sauf si la loi l&rsquo;exige autrement.<\/span><\/p>\n<p>&nbsp;<\/p>\n<h3><b>Comment nous partageons vos informations<\/b><\/h3>\n<p><span style=\"font-weight: 400;\">Nous ne transf\u00e9rerons pas vos informations personnelles \u00e0 un tiers sans votre consentement, sauf dans les circonstances limit\u00e9es d\u00e9crites ci-dessous :<\/span><\/p>\n<ul>\n<li><span style=\"font-weight: 400;\">Analyse des donn\u00e9es<\/span><\/li>\n<\/ul>\n<p><span style=\"font-weight: 400;\">Nous demandons \u00e0 ces tiers d\u2019utiliser les informations personnelles transf\u00e9r\u00e9es uniquement aux fins pour lesquelles elles ont \u00e9t\u00e9 transf\u00e9r\u00e9es et de ne pas les conserver plus longtemps que n\u00e9cessaire pour remplir lesdites fins.<\/span><\/p>\n<p><span style=\"font-weight: 400;\">Nous pouvons \u00e9galement divulguer vos informations personnelles dans les cas suivants : (1) pour se conformer aux lois, r\u00e8glements, ordonnances judiciaires ou autres proc\u00e9dures l\u00e9gales applicables ; (2) pour faire respecter vos accords avec nous, y compris cette politique de confidentialit\u00e9 ; ou (3) pour r\u00e9pondre aux r\u00e9clamations selon lesquelles votre utilisation du Service enfreint les droits de tiers. Si le Service ou notre soci\u00e9t\u00e9 est fusionn\u00e9 ou acquis par une autre entreprise, vos informations seront l\u2019un des actifs transf\u00e9r\u00e9s au nouveau propri\u00e9taire.<\/span><\/p>\n<p>&nbsp;<\/p>\n<h3><b>Vos droits<\/b><\/h3>\n<p><span style=\"font-weight: 400;\">Selon les lois applicables, vous pouvez avoir le droit d\u2019acc\u00e9der \u00e0 vos donn\u00e9es personnelles, de les rectifier ou de les effacer, d\u2019obtenir une copie de vos donn\u00e9es personnelles, de restreindre ou de vous opposer au traitement actif de vos donn\u00e9es, de nous demander de partager (transf\u00e9rer) vos informations personnelles \u00e0 une autre entit\u00e9, de retirer tout consentement que vous nous avez donn\u00e9 pour traiter vos donn\u00e9es, de d\u00e9poser une plainte aupr\u00e8s d\u2019une autorit\u00e9 r\u00e9glementaire, et d\u2019exercer d\u2019autres droits pr\u00e9vus par les lois applicables. Pour exercer ces droits, vous pouvez nous \u00e9crire \u00e0 <a style=\"color: #d60015;\" href=\"mailto:ventes@power-link.ca\">ventes@power-link.ca<\/a>. Nous r\u00e9pondrons \u00e0 votre demande conform\u00e9ment \u00e0 la loi applicable.<\/span><\/p>\n<p><span style=\"font-weight: 400;\">Veuillez noter que si vous ne nous permettez pas de collecter ou de traiter les informations personnelles requises ou si vous retirez votre consentement pour le traitement desdites informations, vous pourriez ne pas \u00eatre en mesure d&rsquo;acc\u00e9der ou d&rsquo;utiliser les services pour lesquels vos informations ont \u00e9t\u00e9 demand\u00e9es.<\/span><\/p>\n<p>&nbsp;<\/p>\n<h3><b>Cookies<\/b><\/h3>\n<p><span style=\"font-weight: 400;\">Pour en savoir plus sur la mani\u00e8re dont nous utilisons ces technologies de suivi et vos choix \u00e0 leur sujet, veuillez consulter notre <\/span><a style=\"color: #d60015;\" href=\"https:\/\/www.power-link.ca\/cookies-policy\/\">Politique sur les cookies<\/a>.<\/p>\n<p>&nbsp;<\/p>\n<h3><b>S\u00e9curit\u00e9<\/b><\/h3>\n<p><span style=\"font-weight: 400;\">La s\u00e9curit\u00e9 de vos informations est importante pour nous et nous utiliserons des mesures de s\u00e9curit\u00e9 raisonnables pour pr\u00e9venir la perte, l\u2019utilisation abusive ou la modification non autoris\u00e9e des informations sous notre contr\u00f4le. Cependant, \u00e9tant donn\u00e9 les risques inh\u00e9rents, nous ne pouvons garantir une s\u00e9curit\u00e9 absolue et, par cons\u00e9quent, nous ne pouvons assurer ou garantir la s\u00e9curit\u00e9 des informations que vous nous transmettez, que vous le faites \u00e0 vos propres risques.<\/span><\/p>\n<p>&nbsp;<\/p>\n<h3><b>Responsable des plaintes \/ Protection des donn\u00e9es<\/b><\/h3>\n<p><span style=\"font-weight: 400;\">Si vous avez des questions ou des pr\u00e9occupations concernant le traitement de vos informations, vous pouvez contacter notre Responsable des plaintes \u00e0 Power-link, 5405 J.A. Bombardier, St-Hubert, email : <a style=\"color: #d60015;\" href=\"mailto:ventes@power-link.ca\">ventes@power-link.ca<\/a>. Nous traiterons vos pr\u00e9occupations conform\u00e9ment \u00e0 la loi applicable.<\/span>[\/vc_column_text][\/vc_column][\/vc_row]<\/p>\n<\/div>","protected":false},"excerpt":{"rendered":"<p>[vc_row][vc_column el_class=\u00a0\u00bbpaddingmobile\u00a0\u00bb][vc_column_text]Derni\u00e8re mise \u00e0 jour : 28 novembre 2024 Date d&rsquo;entr\u00e9e en vigueur : 28 novembre 2024 &nbsp; Cette politique de confidentialit\u00e9 d\u00e9crit les pratiques de Power-link, situ\u00e9e au 5405 J.A. Bombardier, St-Hubert, Qu\u00e9bec J3Z 1K3, Canada, email : ventes@power-link.ca, t\u00e9l\u00e9phone : 1.800.463.1443, concernant la collecte, l\u2019utilisation et la divulgation de vos informations lorsque vous&hellip;<\/p>\n","protected":false},"author":16,"featured_media":0,"parent":0,"menu_order":0,"comment_status":"closed","ping_status":"closed","template":"","meta":{"_acf_changed":false,"_monsterinsights_skip_tracking":false,"_monsterinsights_sitenote_active":false,"_monsterinsights_sitenote_note":"","_monsterinsights_sitenote_category":0},"class_list":["post-1627428","page","type-page","status-publish","hentry","description-off"],"acf":[],"yoast_head":"<!-- This site is optimized with the Yoast SEO plugin v25.9 - https:\/\/yoast.com\/wordpress\/plugins\/seo\/ -->\n<title>Politique de confidentialit\u00e9 - Power link<\/title>\n<meta name=\"robots\" content=\"index, follow, max-snippet:-1, max-image-preview:large, max-video-preview:-1\" \/>\n<link rel=\"canonical\" href=\"https:\/\/www.power-link.ca\/fr\/politique-de-confidentialite\/\" \/>\n<meta property=\"og:locale\" content=\"fr_FR\" \/>\n<meta property=\"og:type\" content=\"article\" \/>\n<meta property=\"og:title\" content=\"Politique de confidentialit\u00e9 - Power link\" \/>\n<meta property=\"og:description\" content=\"[vc_row][vc_column el_class=\u00a0\u00bbpaddingmobile\u00a0\u00bb][vc_column_text]Derni\u00e8re mise \u00e0 jour : 28 novembre 2024 Date d&rsquo;entr\u00e9e en vigueur : 28 novembre 2024 &nbsp; Cette politique de confidentialit\u00e9 d\u00e9crit les pratiques de Power-link, situ\u00e9e au 5405 J.A. Bombardier, St-Hubert, Qu\u00e9bec J3Z 1K3, Canada, email : ventes@power-link.ca, t\u00e9l\u00e9phone : 1.800.463.1443, concernant la collecte, l\u2019utilisation et la divulgation de vos informations lorsque vous&hellip;\" \/>\n<meta property=\"og:url\" content=\"https:\/\/www.power-link.ca\/fr\/politique-de-confidentialite\/\" \/>\n<meta property=\"og:site_name\" content=\"Power link\" \/>\n<meta property=\"article:modified_time\" content=\"2024-11-28T18:31:59+00:00\" \/>\n<meta name=\"twitter:card\" content=\"summary_large_image\" \/>\n<meta name=\"twitter:label1\" content=\"Dur\u00e9e de lecture estim\u00e9e\" \/>\n\t<meta name=\"twitter:data1\" content=\"4 minutes\" \/>\n<script type=\"application\/ld+json\" class=\"yoast-schema-graph\">{\"@context\":\"https:\/\/schema.org\",\"@graph\":[{\"@type\":\"WebPage\",\"@id\":\"https:\/\/www.power-link.ca\/fr\/politique-de-confidentialite\/\",\"url\":\"https:\/\/www.power-link.ca\/fr\/politique-de-confidentialite\/\",\"name\":\"Politique de confidentialit\u00e9 - Power link\",\"isPartOf\":{\"@id\":\"https:\/\/www.power-link.ca\/#website\"},\"datePublished\":\"2024-11-28T17:51:18+00:00\",\"dateModified\":\"2024-11-28T18:31:59+00:00\",\"breadcrumb\":{\"@id\":\"https:\/\/www.power-link.ca\/fr\/politique-de-confidentialite\/#breadcrumb\"},\"inLanguage\":\"fr-FR\",\"potentialAction\":[{\"@type\":\"ReadAction\",\"target\":[\"https:\/\/www.power-link.ca\/fr\/politique-de-confidentialite\/\"]}]},{\"@type\":\"BreadcrumbList\",\"@id\":\"https:\/\/www.power-link.ca\/fr\/politique-de-confidentialite\/#breadcrumb\",\"itemListElement\":[{\"@type\":\"ListItem\",\"position\":1,\"name\":\"Accueil\",\"item\":\"https:\/\/www.power-link.ca\/fr\/\"},{\"@type\":\"ListItem\",\"position\":2,\"name\":\"Politique de confidentialit\u00e9\"}]},{\"@type\":\"WebSite\",\"@id\":\"https:\/\/www.power-link.ca\/#website\",\"url\":\"https:\/\/www.power-link.ca\/\",\"name\":\"Power link\",\"description\":\"Your link to power transmission products\",\"publisher\":{\"@id\":\"https:\/\/www.power-link.ca\/#organization\"},\"potentialAction\":[{\"@type\":\"SearchAction\",\"target\":{\"@type\":\"EntryPoint\",\"urlTemplate\":\"https:\/\/www.power-link.ca\/?s={search_term_string}\"},\"query-input\":{\"@type\":\"PropertyValueSpecification\",\"valueRequired\":true,\"valueName\":\"search_term_string\"}}],\"inLanguage\":\"fr-FR\"},{\"@type\":\"Organization\",\"@id\":\"https:\/\/www.power-link.ca\/#organization\",\"name\":\"Power-Link\",\"url\":\"https:\/\/www.power-link.ca\/\",\"logo\":{\"@type\":\"ImageObject\",\"inLanguage\":\"fr-FR\",\"@id\":\"https:\/\/www.power-link.ca\/#\/schema\/logo\/image\/\",\"url\":\"https:\/\/www.power-link.ca\/wp-content\/uploads\/2017\/05\/power-link-transparent.png\",\"contentUrl\":\"https:\/\/www.power-link.ca\/wp-content\/uploads\/2017\/05\/power-link-transparent.png\",\"width\":183,\"height\":69,\"caption\":\"Power-Link\"},\"image\":{\"@id\":\"https:\/\/www.power-link.ca\/#\/schema\/logo\/image\/\"}}]}<\/script>\n<!-- \/ Yoast SEO plugin. -->","yoast_head_json":{"title":"Politique de confidentialit\u00e9 - Power link","robots":{"index":"index","follow":"follow","max-snippet":"max-snippet:-1","max-image-preview":"max-image-preview:large","max-video-preview":"max-video-preview:-1"},"canonical":"https:\/\/www.power-link.ca\/fr\/politique-de-confidentialite\/","og_locale":"fr_FR","og_type":"article","og_title":"Politique de confidentialit\u00e9 - Power link","og_description":"[vc_row][vc_column el_class=\u00a0\u00bbpaddingmobile\u00a0\u00bb][vc_column_text]Derni\u00e8re mise \u00e0 jour : 28 novembre 2024 Date d&rsquo;entr\u00e9e en vigueur : 28 novembre 2024 &nbsp; Cette politique de confidentialit\u00e9 d\u00e9crit les pratiques de Power-link, situ\u00e9e au 5405 J.A. Bombardier, St-Hubert, Qu\u00e9bec J3Z 1K3, Canada, email : ventes@power-link.ca, t\u00e9l\u00e9phone : 1.800.463.1443, concernant la collecte, l\u2019utilisation et la divulgation de vos informations lorsque vous&hellip;","og_url":"https:\/\/www.power-link.ca\/fr\/politique-de-confidentialite\/","og_site_name":"Power link","article_modified_time":"2024-11-28T18:31:59+00:00","twitter_card":"summary_large_image","twitter_misc":{"Dur\u00e9e de lecture estim\u00e9e":"4 minutes"},"schema":{"@context":"https:\/\/schema.org","@graph":[{"@type":"WebPage","@id":"https:\/\/www.power-link.ca\/fr\/politique-de-confidentialite\/","url":"https:\/\/www.power-link.ca\/fr\/politique-de-confidentialite\/","name":"Politique de confidentialit\u00e9 - Power link","isPartOf":{"@id":"https:\/\/www.power-link.ca\/#website"},"datePublished":"2024-11-28T17:51:18+00:00","dateModified":"2024-11-28T18:31:59+00:00","breadcrumb":{"@id":"https:\/\/www.power-link.ca\/fr\/politique-de-confidentialite\/#breadcrumb"},"inLanguage":"fr-FR","potentialAction":[{"@type":"ReadAction","target":["https:\/\/www.power-link.ca\/fr\/politique-de-confidentialite\/"]}]},{"@type":"BreadcrumbList","@id":"https:\/\/www.power-link.ca\/fr\/politique-de-confidentialite\/#breadcrumb","itemListElement":[{"@type":"ListItem","position":1,"name":"Accueil","item":"https:\/\/www.power-link.ca\/fr\/"},{"@type":"ListItem","position":2,"name":"Politique de confidentialit\u00e9"}]},{"@type":"WebSite","@id":"https:\/\/www.power-link.ca\/#website","url":"https:\/\/www.power-link.ca\/","name":"Power link","description":"Your link to power transmission products","publisher":{"@id":"https:\/\/www.power-link.ca\/#organization"},"potentialAction":[{"@type":"SearchAction","target":{"@type":"EntryPoint","urlTemplate":"https:\/\/www.power-link.ca\/?s={search_term_string}"},"query-input":{"@type":"PropertyValueSpecification","valueRequired":true,"valueName":"search_term_string"}}],"inLanguage":"fr-FR"},{"@type":"Organization","@id":"https:\/\/www.power-link.ca\/#organization","name":"Power-Link","url":"https:\/\/www.power-link.ca\/","logo":{"@type":"ImageObject","inLanguage":"fr-FR","@id":"https:\/\/www.power-link.ca\/#\/schema\/logo\/image\/","url":"https:\/\/www.power-link.ca\/wp-content\/uploads\/2017\/05\/power-link-transparent.png","contentUrl":"https:\/\/www.power-link.ca\/wp-content\/uploads\/2017\/05\/power-link-transparent.png","width":183,"height":69,"caption":"Power-Link"},"image":{"@id":"https:\/\/www.power-link.ca\/#\/schema\/logo\/image\/"}}]}},"_links":{"self":[{"href":"https:\/\/www.power-link.ca\/fr\/wp-json\/wp\/v2\/pages\/1627428","targetHints":{"allow":["GET"]}}],"collection":[{"href":"https:\/\/www.power-link.ca\/fr\/wp-json\/wp\/v2\/pages"}],"about":[{"href":"https:\/\/www.power-link.ca\/fr\/wp-json\/wp\/v2\/types\/page"}],"author":[{"embeddable":true,"href":"https:\/\/www.power-link.ca\/fr\/wp-json\/wp\/v2\/users\/16"}],"replies":[{"embeddable":true,"href":"https:\/\/www.power-link.ca\/fr\/wp-json\/wp\/v2\/comments?post=1627428"}],"version-history":[{"count":5,"href":"https:\/\/www.power-link.ca\/fr\/wp-json\/wp\/v2\/pages\/1627428\/revisions"}],"predecessor-version":[{"id":1627446,"href":"https:\/\/www.power-link.ca\/fr\/wp-json\/wp\/v2\/pages\/1627428\/revisions\/1627446"}],"wp:attachment":[{"href":"https:\/\/www.power-link.ca\/fr\/wp-json\/wp\/v2\/media?parent=1627428"}],"curies":[{"name":"wp","href":"https:\/\/api.w.org\/{rel}","templated":true}]}}