{"id":1627449,"date":"2024-11-28T13:40:06","date_gmt":"2024-11-28T18:40:06","guid":{"rendered":"https:\/\/www.power-link.ca\/?page_id=1627449"},"modified":"2024-11-28T13:53:48","modified_gmt":"2024-11-28T18:53:48","slug":"politique-de-cookies","status":"publish","type":"page","link":"https:\/\/www.power-link.ca\/fr\/politique-de-cookies\/","title":{"rendered":"Politique de cookies"},"content":{"rendered":"<div class=\"wpb-content-wrapper\"><p>[vc_row][vc_column el_class=\u00a0\u00bbpaddingmobile\u00a0\u00bb][vc_column_text]<b><span style=\"text-decoration: underline;\">Derni\u00e8re mise \u00e0 jour :<\/span> 28 novembre 2024<\/b><br \/>\n<b><span style=\"text-decoration: underline;\">Date d&rsquo;entr\u00e9e en vigueur :<\/span> 28 novembre 2024<\/b><\/p>\n<p>&nbsp;<\/p>\n<h3>Que sont les cookies ?<\/h3>\n<p>Cette politique relative aux cookies explique ce que sont les cookies, comment nous les utilisons, les types de cookies que nous utilisons (c\u2019est-\u00e0-dire les informations que nous collectons \u00e0 l\u2019aide de cookies, la mani\u00e8re dont ces informations sont utilis\u00e9es) et comment g\u00e9rer les param\u00e8tres des cookies.<\/p>\n<p>Les cookies sont de petits fichiers texte utilis\u00e9s pour stocker de petites quantit\u00e9s d&rsquo;informations. Ils sont stock\u00e9s sur votre appareil lorsque le site web est charg\u00e9 dans votre navigateur. Ces cookies nous aident \u00e0 assurer le bon fonctionnement du site web, \u00e0 le s\u00e9curiser, \u00e0 am\u00e9liorer votre exp\u00e9rience utilisateur, \u00e0 comprendre comment le site fonctionne, et \u00e0 analyser ce qui fonctionne et ce qui doit \u00eatre am\u00e9lior\u00e9.<\/p>\n<p>&nbsp;<\/p>\n<h3>Comment utilisons-nous les cookies ?<\/h3>\n<p>Comme la plupart des services en ligne, notre site web utilise des cookies de premi\u00e8re et de tierce partie \u00e0 diverses fins. Les cookies de premi\u00e8re partie sont principalement n\u00e9cessaires pour que le site fonctionne correctement, et ils ne collectent aucune de vos donn\u00e9es personnelles identifiables.<\/p>\n<p>Les cookies tiers utilis\u00e9s sur notre site web servent principalement \u00e0 comprendre comment le site fonctionne, comment vous interagissez avec notre site, \u00e0 s\u00e9curiser nos services, \u00e0 vous fournir des publicit\u00e9s pertinentes, et globalement \u00e0 vous offrir une meilleure exp\u00e9rience utilisateur et \u00e0 acc\u00e9l\u00e9rer vos futures interactions avec notre site.<\/p>\n<p>&nbsp;<\/p>\n<h3>G\u00e9rer les pr\u00e9f\u00e9rences de cookies<\/h3>\n<p>Les diff\u00e9rents navigateurs proposent diff\u00e9rentes m\u00e9thodes pour bloquer et supprimer les cookies utilis\u00e9s par les sites web. Vous pouvez modifier les param\u00e8tres de votre navigateur pour bloquer ou supprimer les cookies. Voici les liens vers les documents d&rsquo;assistance pour g\u00e9rer et supprimer les cookies des principaux navigateurs web :<\/p>\n<ul>\n<li>Chrome : <a style=\"color: #d60015;\" href=\"https:\/\/support.google.com\/accounts\/answer\/32050\" target=\"_blank\" rel=\"noopener\">https:\/\/support.google.com\/accounts\/answer\/32050<\/a><\/li>\n<li>Safari : <a style=\"color: #d60015;\" href=\"https:\/\/support.apple.com\/en-in\/guide\/safari\/sfri11471\/mac\" target=\"_blank\" rel=\"noopener\">https:\/\/support.apple.com\/en-in\/guide\/safari\/sfri11471\/mac<\/a><\/li>\n<li>Firefox : <a style=\"color: #d60015;\" href=\"https:\/\/support.mozilla.org\/fr\/kb\/effacer-cookies-donnees-sites-firefox\" target=\"_blank\" rel=\"noopener\">https:\/\/support.mozilla.org\/fr\/kb\/effacer-cookies-donnees-sites-firefox<\/a><\/li>\n<li>Internet Explorer : <a style=\"color: #d60015;\" href=\"https:\/\/support.microsoft.com\/fr-fr\/topic\/comment-supprimer-les-fichiers-de-cookies-dans-internet-explorer-bca9446f-d873-78de-77ba-d42645fa52fc\" target=\"_blank\" rel=\"noopener\">https:\/\/support.microsoft.com\/fr-fr\/topic\/comment-supprimer-les-fichiers-de-cookies-dans-internet-explorer-bca9446f-d873-78de-77ba-d42645fa52fc<\/a><\/li>\n<\/ul>\n<p>Si vous utilisez un autre navigateur web, veuillez consulter les documents d\u2019assistance officiels de votre navigateur.<br \/>\n[\/vc_column_text][\/vc_column][\/vc_row]<\/p>\n<\/div>","protected":false},"excerpt":{"rendered":"<p>[vc_row][vc_column el_class=\u00a0\u00bbpaddingmobile\u00a0\u00bb][vc_column_text]Derni\u00e8re mise \u00e0 jour : 28 novembre 2024 Date d&rsquo;entr\u00e9e en vigueur : 28 novembre 2024 &nbsp; Que sont les cookies ? Cette politique relative aux cookies explique ce que sont les cookies, comment nous les utilisons, les types de cookies que nous utilisons (c\u2019est-\u00e0-dire les informations que nous collectons \u00e0 l\u2019aide de cookies,&hellip;<\/p>\n","protected":false},"author":16,"featured_media":0,"parent":0,"menu_order":0,"comment_status":"closed","ping_status":"closed","template":"","meta":{"_acf_changed":false,"_monsterinsights_skip_tracking":false,"_monsterinsights_sitenote_active":false,"_monsterinsights_sitenote_note":"","_monsterinsights_sitenote_category":0},"class_list":["post-1627449","page","type-page","status-publish","hentry","description-off"],"acf":[],"yoast_head":"<!-- This site is optimized with the Yoast SEO plugin v25.9 - https:\/\/yoast.com\/wordpress\/plugins\/seo\/ -->\n<title>Politique de cookies - Power link<\/title>\n<meta name=\"robots\" content=\"index, follow, max-snippet:-1, max-image-preview:large, max-video-preview:-1\" \/>\n<link rel=\"canonical\" href=\"https:\/\/www.power-link.ca\/fr\/politique-de-cookies\/\" \/>\n<meta property=\"og:locale\" content=\"fr_FR\" \/>\n<meta property=\"og:type\" content=\"article\" \/>\n<meta property=\"og:title\" content=\"Politique de cookies - Power link\" \/>\n<meta property=\"og:description\" content=\"[vc_row][vc_column el_class=\u00a0\u00bbpaddingmobile\u00a0\u00bb][vc_column_text]Derni\u00e8re mise \u00e0 jour : 28 novembre 2024 Date d&rsquo;entr\u00e9e en vigueur : 28 novembre 2024 &nbsp; Que sont les cookies ? Cette politique relative aux cookies explique ce que sont les cookies, comment nous les utilisons, les types de cookies que nous utilisons (c\u2019est-\u00e0-dire les informations que nous collectons \u00e0 l\u2019aide de cookies,&hellip;\" \/>\n<meta property=\"og:url\" content=\"https:\/\/www.power-link.ca\/fr\/politique-de-cookies\/\" \/>\n<meta property=\"og:site_name\" content=\"Power link\" \/>\n<meta property=\"article:modified_time\" content=\"2024-11-28T18:53:48+00:00\" \/>\n<meta name=\"twitter:card\" content=\"summary_large_image\" \/>\n<meta name=\"twitter:label1\" content=\"Dur\u00e9e de lecture estim\u00e9e\" \/>\n\t<meta name=\"twitter:data1\" content=\"2 minutes\" \/>\n<script type=\"application\/ld+json\" class=\"yoast-schema-graph\">{\"@context\":\"https:\/\/schema.org\",\"@graph\":[{\"@type\":\"WebPage\",\"@id\":\"https:\/\/www.power-link.ca\/fr\/politique-de-cookies\/\",\"url\":\"https:\/\/www.power-link.ca\/fr\/politique-de-cookies\/\",\"name\":\"Politique de cookies - Power link\",\"isPartOf\":{\"@id\":\"https:\/\/www.power-link.ca\/#website\"},\"datePublished\":\"2024-11-28T18:40:06+00:00\",\"dateModified\":\"2024-11-28T18:53:48+00:00\",\"breadcrumb\":{\"@id\":\"https:\/\/www.power-link.ca\/fr\/politique-de-cookies\/#breadcrumb\"},\"inLanguage\":\"fr-FR\",\"potentialAction\":[{\"@type\":\"ReadAction\",\"target\":[\"https:\/\/www.power-link.ca\/fr\/politique-de-cookies\/\"]}]},{\"@type\":\"BreadcrumbList\",\"@id\":\"https:\/\/www.power-link.ca\/fr\/politique-de-cookies\/#breadcrumb\",\"itemListElement\":[{\"@type\":\"ListItem\",\"position\":1,\"name\":\"Accueil\",\"item\":\"https:\/\/www.power-link.ca\/fr\/\"},{\"@type\":\"ListItem\",\"position\":2,\"name\":\"Politique de cookies\"}]},{\"@type\":\"WebSite\",\"@id\":\"https:\/\/www.power-link.ca\/#website\",\"url\":\"https:\/\/www.power-link.ca\/\",\"name\":\"Power link\",\"description\":\"Your link to power transmission products\",\"publisher\":{\"@id\":\"https:\/\/www.power-link.ca\/#organization\"},\"potentialAction\":[{\"@type\":\"SearchAction\",\"target\":{\"@type\":\"EntryPoint\",\"urlTemplate\":\"https:\/\/www.power-link.ca\/?s={search_term_string}\"},\"query-input\":{\"@type\":\"PropertyValueSpecification\",\"valueRequired\":true,\"valueName\":\"search_term_string\"}}],\"inLanguage\":\"fr-FR\"},{\"@type\":\"Organization\",\"@id\":\"https:\/\/www.power-link.ca\/#organization\",\"name\":\"Power-Link\",\"url\":\"https:\/\/www.power-link.ca\/\",\"logo\":{\"@type\":\"ImageObject\",\"inLanguage\":\"fr-FR\",\"@id\":\"https:\/\/www.power-link.ca\/#\/schema\/logo\/image\/\",\"url\":\"https:\/\/www.power-link.ca\/wp-content\/uploads\/2017\/05\/power-link-transparent.png\",\"contentUrl\":\"https:\/\/www.power-link.ca\/wp-content\/uploads\/2017\/05\/power-link-transparent.png\",\"width\":183,\"height\":69,\"caption\":\"Power-Link\"},\"image\":{\"@id\":\"https:\/\/www.power-link.ca\/#\/schema\/logo\/image\/\"}}]}<\/script>\n<!-- \/ Yoast SEO plugin. -->","yoast_head_json":{"title":"Politique de cookies - Power link","robots":{"index":"index","follow":"follow","max-snippet":"max-snippet:-1","max-image-preview":"max-image-preview:large","max-video-preview":"max-video-preview:-1"},"canonical":"https:\/\/www.power-link.ca\/fr\/politique-de-cookies\/","og_locale":"fr_FR","og_type":"article","og_title":"Politique de cookies - Power link","og_description":"[vc_row][vc_column el_class=\u00a0\u00bbpaddingmobile\u00a0\u00bb][vc_column_text]Derni\u00e8re mise \u00e0 jour : 28 novembre 2024 Date d&rsquo;entr\u00e9e en vigueur : 28 novembre 2024 &nbsp; Que sont les cookies ? Cette politique relative aux cookies explique ce que sont les cookies, comment nous les utilisons, les types de cookies que nous utilisons (c\u2019est-\u00e0-dire les informations que nous collectons \u00e0 l\u2019aide de cookies,&hellip;","og_url":"https:\/\/www.power-link.ca\/fr\/politique-de-cookies\/","og_site_name":"Power link","article_modified_time":"2024-11-28T18:53:48+00:00","twitter_card":"summary_large_image","twitter_misc":{"Dur\u00e9e de lecture estim\u00e9e":"2 minutes"},"schema":{"@context":"https:\/\/schema.org","@graph":[{"@type":"WebPage","@id":"https:\/\/www.power-link.ca\/fr\/politique-de-cookies\/","url":"https:\/\/www.power-link.ca\/fr\/politique-de-cookies\/","name":"Politique de cookies - Power link","isPartOf":{"@id":"https:\/\/www.power-link.ca\/#website"},"datePublished":"2024-11-28T18:40:06+00:00","dateModified":"2024-11-28T18:53:48+00:00","breadcrumb":{"@id":"https:\/\/www.power-link.ca\/fr\/politique-de-cookies\/#breadcrumb"},"inLanguage":"fr-FR","potentialAction":[{"@type":"ReadAction","target":["https:\/\/www.power-link.ca\/fr\/politique-de-cookies\/"]}]},{"@type":"BreadcrumbList","@id":"https:\/\/www.power-link.ca\/fr\/politique-de-cookies\/#breadcrumb","itemListElement":[{"@type":"ListItem","position":1,"name":"Accueil","item":"https:\/\/www.power-link.ca\/fr\/"},{"@type":"ListItem","position":2,"name":"Politique de cookies"}]},{"@type":"WebSite","@id":"https:\/\/www.power-link.ca\/#website","url":"https:\/\/www.power-link.ca\/","name":"Power link","description":"Your link to power transmission products","publisher":{"@id":"https:\/\/www.power-link.ca\/#organization"},"potentialAction":[{"@type":"SearchAction","target":{"@type":"EntryPoint","urlTemplate":"https:\/\/www.power-link.ca\/?s={search_term_string}"},"query-input":{"@type":"PropertyValueSpecification","valueRequired":true,"valueName":"search_term_string"}}],"inLanguage":"fr-FR"},{"@type":"Organization","@id":"https:\/\/www.power-link.ca\/#organization","name":"Power-Link","url":"https:\/\/www.power-link.ca\/","logo":{"@type":"ImageObject","inLanguage":"fr-FR","@id":"https:\/\/www.power-link.ca\/#\/schema\/logo\/image\/","url":"https:\/\/www.power-link.ca\/wp-content\/uploads\/2017\/05\/power-link-transparent.png","contentUrl":"https:\/\/www.power-link.ca\/wp-content\/uploads\/2017\/05\/power-link-transparent.png","width":183,"height":69,"caption":"Power-Link"},"image":{"@id":"https:\/\/www.power-link.ca\/#\/schema\/logo\/image\/"}}]}},"_links":{"self":[{"href":"https:\/\/www.power-link.ca\/fr\/wp-json\/wp\/v2\/pages\/1627449","targetHints":{"allow":["GET"]}}],"collection":[{"href":"https:\/\/www.power-link.ca\/fr\/wp-json\/wp\/v2\/pages"}],"about":[{"href":"https:\/\/www.power-link.ca\/fr\/wp-json\/wp\/v2\/types\/page"}],"author":[{"embeddable":true,"href":"https:\/\/www.power-link.ca\/fr\/wp-json\/wp\/v2\/users\/16"}],"replies":[{"embeddable":true,"href":"https:\/\/www.power-link.ca\/fr\/wp-json\/wp\/v2\/comments?post=1627449"}],"version-history":[{"count":4,"href":"https:\/\/www.power-link.ca\/fr\/wp-json\/wp\/v2\/pages\/1627449\/revisions"}],"predecessor-version":[{"id":1627456,"href":"https:\/\/www.power-link.ca\/fr\/wp-json\/wp\/v2\/pages\/1627449\/revisions\/1627456"}],"wp:attachment":[{"href":"https:\/\/www.power-link.ca\/fr\/wp-json\/wp\/v2\/media?parent=1627449"}],"curies":[{"name":"wp","href":"https:\/\/api.w.org\/{rel}","templated":true}]}}