{"id":198,"date":"2016-10-05T19:12:40","date_gmt":"2016-10-05T17:12:40","guid":{"rendered":"https:\/\/www.power-link.ca\/?page_id=198&#038;lang=fr"},"modified":"2026-02-19T13:20:30","modified_gmt":"2026-02-19T18:20:30","slug":"accueil","status":"publish","type":"page","link":"https:\/\/www.power-link.ca\/fr\/","title":{"rendered":"Accueil"},"content":{"rendered":"<div class=\"wpb-content-wrapper\"><p>[vc_row margin_top=\u00a0\u00bb-50px\u00a0\u00bb full_width_row=\u00a0\u00bbtrue\u00a0\u00bb el_class=\u00a0\u00bbmood\u00a0\u00bb][vc_column][rev_slider_vc alias=\u00a0\u00bbhome-slider-mai2019FR\u00a0\u00bb][vc_column_text el_class=\u00a0\u00bbmood-title\u00a0\u00bb]<\/p>\n<h1><span style=\"color: #ffffff;\">Qualit\u00e9.<\/span><\/h1>\n<h1><span style=\"color: #ffffff;\">Service.<\/span><\/h1>\n<h1><span style=\"color: #d60015;\">Exp\u00e9rience.<\/span><\/h1>\n<p>[\/vc_column_text][vc_column_text el_class=\u00a0\u00bbmood-text\u00a0\u00bb]<span style=\"font-size: 24px;\"><em><span style=\"color: #999a9f;\">Inventaire incomparable<\/span><\/em><\/span><\/p>\n<p><span style=\"font-size: 24px;\"><em><span style=\"color: #999a9f;\">\u00e0 port\u00e9 de main.<\/span><\/em><\/span>[\/vc_column_text][\/vc_column][\/vc_row][vc_row full_width_row=\u00a0\u00bbtrue\u00a0\u00bb el_class=\u00a0\u00bbproduct-row shadow\u00a0\u00bb][vc_column][vc_column_text el_class=\u00a0\u00bbproduct\u00a0\u00bb]<\/p>\n<div class=\"box\">\n<div class=\"text\">\n<p>01<\/p>\n<h2>Roues dent\u00e9es<br \/>\net manchons<\/h2>\n<\/div>\n<\/div>\n<div class=\"img\" style=\"background-image: url('https:\/\/www.power-link.ca\/wp-content\/uploads\/2016\/09\/sprockets.jpg'); height: 322px; width: 386px;\"><\/div>\n<p><a href=\"\/?product-category=roues-dentees-et-manchons-fr-_4r90nboap\">Roues dent\u00e9es et manchons<\/a>[\/vc_column_text][vc_column_text el_class=\u00a0\u00bbproduct\u00a0\u00bb]<\/p>\n<div class=\"box\">\n<div class=\"text\">\n<p>02<\/p>\n<h2>Cha\u00eenes<\/h2>\n<\/div>\n<\/div>\n<div class=\"img\" style=\"background-image: url('https:\/\/www.power-link.ca\/wp-content\/uploads\/2016\/09\/roller-chains.jpg'); height: 339px; width: 356px;\"><\/div>\n<p><a href=\"\/?product-category=chaines-fr-_4r90ngqks\">Cha\u00eenes<\/a>[\/vc_column_text][vc_column_text el_class=\u00a0\u00bbproduct\u00a0\u00bb]<\/p>\n<div class=\"box\">\n<div class=\"text\">\n<p>03<\/p>\n<h2>Roulements<\/h2>\n<\/div>\n<\/div>\n<div class=\"img\" style=\"background-image: url('https:\/\/www.power-link.ca\/wp-content\/uploads\/2016\/09\/bearings.jpg'); height: 300px; width: 350px;\"><\/div>\n<p><a href=\"\/?product-category=roulements-fr-_4ra0t169o\">Roulements<\/a>[\/vc_column_text][vc_column_text el_class=\u00a0\u00bbproduct\u00a0\u00bb]<\/p>\n<div class=\"box\">\n<div class=\"text\">\n<p>04<\/p>\n<h2>R\u00e9ducteurs<br \/>\nde vitesse<\/h2>\n<\/div>\n<\/div>\n<div class=\"img\" style=\"background-image: url('https:\/\/www.power-link.ca\/wp-content\/uploads\/2016\/09\/speed-reducers.jpg'); height: 322px; width: 366px;\"><\/div>\n<p><a href=\"\/?product-category=reducteurs-de-vitesse-fr-_4ra0tmbqv\">R\u00e9ducteurs de vitesse<\/a>[\/vc_column_text][vc_column_text el_class=\u00a0\u00bbproduct\u00a0\u00bb]<\/p>\n<div class=\"box\">\n<div class=\"text\">\n<p>05<\/p>\n<h2>Poulies<\/h2>\n<\/div>\n<\/div>\n<div class=\"img\" style=\"background-image: url('https:\/\/www.power-link.ca\/wp-content\/uploads\/2016\/09\/sheaves.jpg'); height: 329px; width: 368px;\"><\/div>\n<p><a href=\"\/?product-category=poulies-fr-_4ra0tvnb6\">Poulies<\/a>[\/vc_column_text][vc_column_text el_class=\u00a0\u00bbproduct\u00a0\u00bb]<\/p>\n<div class=\"box\">\n<div class=\"text\">\n<p>06<\/p>\n<h2>Accessoires<\/h2>\n<\/div>\n<\/div>\n<div class=\"img\" style=\"background-image: url('https:\/\/www.power-link.ca\/wp-content\/uploads\/2016\/09\/accessories.jpg'); height: 314px; width: 412px;\"><\/div>\n<p><a href=\"\/?product-category=accessoires-fr-_4ra0sbfr3\">Accessoires<\/a>[\/vc_column_text][vc_column_text el_class=\u00a0\u00bbproduct\u00a0\u00bb]<\/p>\n<div class=\"box\">\n<div class=\"text\">\n<p>07<\/p>\n<h2>AGtuff V-Belts<\/h2>\n<\/div>\n<\/div>\n<div class=\"img\" style=\"background-image: url('https:\/\/www.power-link.ca\/wp-content\/uploads\/2026\/01\/V-Belts1-300x240.jpg'); height: 314px; width: 412px;\"><\/div>\n<p><a href=\"\/?product-category=courroies-agtuff-fr-_7ce0w6yww\">Courroies<\/a>[\/vc_column_text][vc_column_text el_class=\u00a0\u00bbproduct custom_but\u00a0\u00bb]<\/p>\n<div class=\"box\">\n<div class=\"text\">\n<p>07<\/p>\n<h2>Produits custom<\/h2>\n<\/div>\n<\/div>\n<div class=\"img\" style=\"background-image: none; height: 314px; width: 412px;\"><\/div>\n<p><a href=\"https:\/\/www.power-link.ca\/fr\/produits-custom\/\">Produits custom<\/a>[\/vc_column_text][\/vc_column][\/vc_row][vc_row el_class=\u00a0\u00bbaccount catalog-home\u00a0\u00bb css=\u00a0\u00bb.vc_custom_1739627743300{margin-bottom: -50px !important;padding-top: 25px !important;padding-bottom: 25px !important;}\u00a0\u00bb][vc_column][vc_column_text]<\/p>\n<div class=\"wpb_text_column wpb_content_element \">\n<div class=\"wpb_wrapper\">\n<p><em><span style=\"color: #ffffff; text-align: center; width: 100%; display: block;\">T\u00e9l\u00e9chargez notre catalogue de produits.<\/span><\/em><\/p>\n<\/div>\n<\/div>\n<div class=\"wpb_text_column wpb_content_element \">\n<div class=\"wpb_wrapper\">\n<p><a class=\"bouton\" href=\"https:\/\/www.power-link.ca\/wp-content\/uploads\/2025\/02\/2019-Catalog-small.pdf\">T\u00e9l\u00e9chargez ici<\/a><\/p>\n<\/div>\n<\/div>\n<p>[\/vc_column_text][\/vc_column][\/vc_row][vc_row full_width_row=\u00a0\u00bbtrue\u00a0\u00bb el_class=\u00a0\u00bbabout shadow\u00a0\u00bb][vc_column][vc_column_text el_class=\u00a0\u00bbvc_col-sm-6&Prime;]<\/p>\n<h1><span style=\"color: #d60015;\">Votre lien<br \/>\n<\/span> <span style=\"color: #ffffff;\">\u00e0 des produits de transmission d\u2019\u00e9nergie.<\/span><\/h1>\n<p>[\/vc_column_text][vc_column_text el_class=\u00a0\u00bbvc_col-sm-6&Prime;]<\/p>\n<p class=\"border\"><em>Avec ensemble, plus de 200 ann\u00e9es d\u2019exp\u00e9rience.<\/em><\/p>\n<p>Power-Link est devenu au fil des ann\u00e9es l&rsquo;un des principaux grossistes nord-am\u00e9ricains de composantes de transmission de puissance. Notre objectif premier est d&rsquo;\u00e9tablir et de renforcir les relations \u00e0 long terme avec nos clients. Avec ce catalogue, vous d\u00e9couvrirez la large gamme de produits que Power-Link peut vous offrir et serez dor\u00e9navant convaincu que nous sommes un leader dans notre domaine.[\/vc_column_text][vc_empty_space height=\u00a0\u00bb110px\u00a0\u00bb][\/vc_column][\/vc_row][vc_row margin_bottom=\u00a0\u00bb-50px\u00a0\u00bb full_width_row=\u00a0\u00bbtrue\u00a0\u00bb el_class=\u00a0\u00bbaccount shadow\u00a0\u00bb][vc_column][vc_column_text]<em><span style=\"color: #ffffff; text-align: center; width: 100%; display: block;\">Les pi\u00e8ces que vous avez besoin, \u00e0 port\u00e9e de main!<\/span><\/em>[\/vc_column_text][\/vc_column][\/vc_row][vc_row][vc_column][vc_column_text]<\/p>\n<p>[\/vc_column_text][\/vc_column][\/vc_row]<\/p>\n<\/div>","protected":false},"excerpt":{"rendered":"<p>[vc_row margin_top=\u00a0\u00bb-50px\u00a0\u00bb full_width_row=\u00a0\u00bbtrue\u00a0\u00bb el_class=\u00a0\u00bbmood\u00a0\u00bb][vc_column][rev_slider_vc alias=\u00a0\u00bbhome-slider-mai2019FR\u00a0\u00bb][vc_column_text el_class=\u00a0\u00bbmood-title\u00a0\u00bb] Qualit\u00e9. Service. Exp\u00e9rience. [\/vc_column_text][vc_column_text el_class=\u00a0\u00bbmood-text\u00a0\u00bb]Inventaire incomparable \u00e0 port\u00e9 de main.[\/vc_column_text][\/vc_column][\/vc_row][vc_row full_width_row=\u00a0\u00bbtrue\u00a0\u00bb el_class=\u00a0\u00bbproduct-row shadow\u00a0\u00bb][vc_column][vc_column_text el_class=\u00a0\u00bbproduct\u00a0\u00bb] 01 Roues dent\u00e9es et manchons Roues dent\u00e9es et manchons[\/vc_column_text][vc_column_text el_class=\u00a0\u00bbproduct\u00a0\u00bb] 02 Cha\u00eenes Cha\u00eenes[\/vc_column_text][vc_column_text el_class=\u00a0\u00bbproduct\u00a0\u00bb] 03 Roulements Roulements[\/vc_column_text][vc_column_text el_class=\u00a0\u00bbproduct\u00a0\u00bb] 04 R\u00e9ducteurs de vitesse R\u00e9ducteurs de vitesse[\/vc_column_text][vc_column_text el_class=\u00a0\u00bbproduct\u00a0\u00bb] 05 Poulies Poulies[\/vc_column_text][vc_column_text el_class=\u00a0\u00bbproduct\u00a0\u00bb] 06 Accessoires Accessoires[\/vc_column_text][vc_column_text el_class=\u00a0\u00bbproduct\u00a0\u00bb] 07&hellip;<\/p>\n","protected":false},"author":2,"featured_media":0,"parent":0,"menu_order":0,"comment_status":"closed","ping_status":"closed","template":"","meta":{"_acf_changed":false,"_monsterinsights_skip_tracking":false,"_monsterinsights_sitenote_active":false,"_monsterinsights_sitenote_note":"","_monsterinsights_sitenote_category":0},"class_list":["post-198","page","type-page","status-publish","hentry","description-off"],"acf":[],"yoast_head":"<!-- This site is optimized with the Yoast SEO plugin v25.9 - https:\/\/yoast.com\/wordpress\/plugins\/seo\/ -->\n<title>Accueil - Power link<\/title>\n<meta name=\"robots\" content=\"index, follow, max-snippet:-1, max-image-preview:large, max-video-preview:-1\" \/>\n<link rel=\"canonical\" href=\"https:\/\/www.power-link.ca\/fr\/\" \/>\n<meta property=\"og:locale\" content=\"fr_FR\" \/>\n<meta property=\"og:type\" content=\"article\" \/>\n<meta property=\"og:title\" content=\"Accueil - Power link\" \/>\n<meta property=\"og:description\" content=\"[vc_row margin_top=\u00a0\u00bb-50px\u00a0\u00bb full_width_row=\u00a0\u00bbtrue\u00a0\u00bb el_class=\u00a0\u00bbmood\u00a0\u00bb][vc_column][rev_slider_vc alias=\u00a0\u00bbhome-slider-mai2019FR\u00a0\u00bb][vc_column_text el_class=\u00a0\u00bbmood-title\u00a0\u00bb] Qualit\u00e9. Service. Exp\u00e9rience. [\/vc_column_text][vc_column_text el_class=\u00a0\u00bbmood-text\u00a0\u00bb]Inventaire incomparable \u00e0 port\u00e9 de main.[\/vc_column_text][\/vc_column][\/vc_row][vc_row full_width_row=\u00a0\u00bbtrue\u00a0\u00bb el_class=\u00a0\u00bbproduct-row shadow\u00a0\u00bb][vc_column][vc_column_text el_class=\u00a0\u00bbproduct\u00a0\u00bb] 01 Roues dent\u00e9es et manchons Roues dent\u00e9es et manchons[\/vc_column_text][vc_column_text el_class=\u00a0\u00bbproduct\u00a0\u00bb] 02 Cha\u00eenes Cha\u00eenes[\/vc_column_text][vc_column_text el_class=\u00a0\u00bbproduct\u00a0\u00bb] 03 Roulements Roulements[\/vc_column_text][vc_column_text el_class=\u00a0\u00bbproduct\u00a0\u00bb] 04 R\u00e9ducteurs de vitesse R\u00e9ducteurs de vitesse[\/vc_column_text][vc_column_text el_class=\u00a0\u00bbproduct\u00a0\u00bb] 05 Poulies Poulies[\/vc_column_text][vc_column_text el_class=\u00a0\u00bbproduct\u00a0\u00bb] 06 Accessoires Accessoires[\/vc_column_text][vc_column_text el_class=\u00a0\u00bbproduct\u00a0\u00bb] 07&hellip;\" \/>\n<meta property=\"og:url\" content=\"https:\/\/www.power-link.ca\/fr\/\" \/>\n<meta property=\"og:site_name\" content=\"Power link\" \/>\n<meta property=\"article:modified_time\" content=\"2026-02-19T18:20:30+00:00\" \/>\n<meta name=\"twitter:card\" content=\"summary_large_image\" \/>\n<meta name=\"twitter:label1\" content=\"Dur\u00e9e de lecture estim\u00e9e\" \/>\n\t<meta name=\"twitter:data1\" content=\"1 minute\" \/>\n<script type=\"application\/ld+json\" class=\"yoast-schema-graph\">{\"@context\":\"https:\/\/schema.org\",\"@graph\":[{\"@type\":\"WebPage\",\"@id\":\"https:\/\/www.power-link.ca\/fr\/\",\"url\":\"https:\/\/www.power-link.ca\/fr\/\",\"name\":\"Accueil - Power link\",\"isPartOf\":{\"@id\":\"https:\/\/www.power-link.ca\/#website\"},\"datePublished\":\"2016-10-05T17:12:40+00:00\",\"dateModified\":\"2026-02-19T18:20:30+00:00\",\"breadcrumb\":{\"@id\":\"https:\/\/www.power-link.ca\/fr\/#breadcrumb\"},\"inLanguage\":\"fr-FR\",\"potentialAction\":[{\"@type\":\"ReadAction\",\"target\":[\"https:\/\/www.power-link.ca\/fr\/\"]}]},{\"@type\":\"BreadcrumbList\",\"@id\":\"https:\/\/www.power-link.ca\/fr\/#breadcrumb\",\"itemListElement\":[{\"@type\":\"ListItem\",\"position\":1,\"name\":\"Accueil\",\"item\":\"https:\/\/www.power-link.ca\/fr\/\"},{\"@type\":\"ListItem\",\"position\":2,\"name\":\"Accueil\"}]},{\"@type\":\"WebSite\",\"@id\":\"https:\/\/www.power-link.ca\/#website\",\"url\":\"https:\/\/www.power-link.ca\/\",\"name\":\"Power link\",\"description\":\"Your link to power transmission products\",\"publisher\":{\"@id\":\"https:\/\/www.power-link.ca\/#organization\"},\"potentialAction\":[{\"@type\":\"SearchAction\",\"target\":{\"@type\":\"EntryPoint\",\"urlTemplate\":\"https:\/\/www.power-link.ca\/?s={search_term_string}\"},\"query-input\":{\"@type\":\"PropertyValueSpecification\",\"valueRequired\":true,\"valueName\":\"search_term_string\"}}],\"inLanguage\":\"fr-FR\"},{\"@type\":\"Organization\",\"@id\":\"https:\/\/www.power-link.ca\/#organization\",\"name\":\"Power-Link\",\"url\":\"https:\/\/www.power-link.ca\/\",\"logo\":{\"@type\":\"ImageObject\",\"inLanguage\":\"fr-FR\",\"@id\":\"https:\/\/www.power-link.ca\/#\/schema\/logo\/image\/\",\"url\":\"https:\/\/www.power-link.ca\/wp-content\/uploads\/2017\/05\/power-link-transparent.png\",\"contentUrl\":\"https:\/\/www.power-link.ca\/wp-content\/uploads\/2017\/05\/power-link-transparent.png\",\"width\":183,\"height\":69,\"caption\":\"Power-Link\"},\"image\":{\"@id\":\"https:\/\/www.power-link.ca\/#\/schema\/logo\/image\/\"}}]}<\/script>\n<!-- \/ Yoast SEO plugin. -->","yoast_head_json":{"title":"Accueil - Power link","robots":{"index":"index","follow":"follow","max-snippet":"max-snippet:-1","max-image-preview":"max-image-preview:large","max-video-preview":"max-video-preview:-1"},"canonical":"https:\/\/www.power-link.ca\/fr\/","og_locale":"fr_FR","og_type":"article","og_title":"Accueil - Power link","og_description":"[vc_row margin_top=\u00a0\u00bb-50px\u00a0\u00bb full_width_row=\u00a0\u00bbtrue\u00a0\u00bb el_class=\u00a0\u00bbmood\u00a0\u00bb][vc_column][rev_slider_vc alias=\u00a0\u00bbhome-slider-mai2019FR\u00a0\u00bb][vc_column_text el_class=\u00a0\u00bbmood-title\u00a0\u00bb] Qualit\u00e9. Service. Exp\u00e9rience. [\/vc_column_text][vc_column_text el_class=\u00a0\u00bbmood-text\u00a0\u00bb]Inventaire incomparable \u00e0 port\u00e9 de main.[\/vc_column_text][\/vc_column][\/vc_row][vc_row full_width_row=\u00a0\u00bbtrue\u00a0\u00bb el_class=\u00a0\u00bbproduct-row shadow\u00a0\u00bb][vc_column][vc_column_text el_class=\u00a0\u00bbproduct\u00a0\u00bb] 01 Roues dent\u00e9es et manchons Roues dent\u00e9es et manchons[\/vc_column_text][vc_column_text el_class=\u00a0\u00bbproduct\u00a0\u00bb] 02 Cha\u00eenes Cha\u00eenes[\/vc_column_text][vc_column_text el_class=\u00a0\u00bbproduct\u00a0\u00bb] 03 Roulements Roulements[\/vc_column_text][vc_column_text el_class=\u00a0\u00bbproduct\u00a0\u00bb] 04 R\u00e9ducteurs de vitesse R\u00e9ducteurs de vitesse[\/vc_column_text][vc_column_text el_class=\u00a0\u00bbproduct\u00a0\u00bb] 05 Poulies Poulies[\/vc_column_text][vc_column_text el_class=\u00a0\u00bbproduct\u00a0\u00bb] 06 Accessoires Accessoires[\/vc_column_text][vc_column_text el_class=\u00a0\u00bbproduct\u00a0\u00bb] 07&hellip;","og_url":"https:\/\/www.power-link.ca\/fr\/","og_site_name":"Power link","article_modified_time":"2026-02-19T18:20:30+00:00","twitter_card":"summary_large_image","twitter_misc":{"Dur\u00e9e de lecture estim\u00e9e":"1 minute"},"schema":{"@context":"https:\/\/schema.org","@graph":[{"@type":"WebPage","@id":"https:\/\/www.power-link.ca\/fr\/","url":"https:\/\/www.power-link.ca\/fr\/","name":"Accueil - Power link","isPartOf":{"@id":"https:\/\/www.power-link.ca\/#website"},"datePublished":"2016-10-05T17:12:40+00:00","dateModified":"2026-02-19T18:20:30+00:00","breadcrumb":{"@id":"https:\/\/www.power-link.ca\/fr\/#breadcrumb"},"inLanguage":"fr-FR","potentialAction":[{"@type":"ReadAction","target":["https:\/\/www.power-link.ca\/fr\/"]}]},{"@type":"BreadcrumbList","@id":"https:\/\/www.power-link.ca\/fr\/#breadcrumb","itemListElement":[{"@type":"ListItem","position":1,"name":"Accueil","item":"https:\/\/www.power-link.ca\/fr\/"},{"@type":"ListItem","position":2,"name":"Accueil"}]},{"@type":"WebSite","@id":"https:\/\/www.power-link.ca\/#website","url":"https:\/\/www.power-link.ca\/","name":"Power link","description":"Your link to power transmission products","publisher":{"@id":"https:\/\/www.power-link.ca\/#organization"},"potentialAction":[{"@type":"SearchAction","target":{"@type":"EntryPoint","urlTemplate":"https:\/\/www.power-link.ca\/?s={search_term_string}"},"query-input":{"@type":"PropertyValueSpecification","valueRequired":true,"valueName":"search_term_string"}}],"inLanguage":"fr-FR"},{"@type":"Organization","@id":"https:\/\/www.power-link.ca\/#organization","name":"Power-Link","url":"https:\/\/www.power-link.ca\/","logo":{"@type":"ImageObject","inLanguage":"fr-FR","@id":"https:\/\/www.power-link.ca\/#\/schema\/logo\/image\/","url":"https:\/\/www.power-link.ca\/wp-content\/uploads\/2017\/05\/power-link-transparent.png","contentUrl":"https:\/\/www.power-link.ca\/wp-content\/uploads\/2017\/05\/power-link-transparent.png","width":183,"height":69,"caption":"Power-Link"},"image":{"@id":"https:\/\/www.power-link.ca\/#\/schema\/logo\/image\/"}}]}},"_links":{"self":[{"href":"https:\/\/www.power-link.ca\/fr\/wp-json\/wp\/v2\/pages\/198","targetHints":{"allow":["GET"]}}],"collection":[{"href":"https:\/\/www.power-link.ca\/fr\/wp-json\/wp\/v2\/pages"}],"about":[{"href":"https:\/\/www.power-link.ca\/fr\/wp-json\/wp\/v2\/types\/page"}],"author":[{"embeddable":true,"href":"https:\/\/www.power-link.ca\/fr\/wp-json\/wp\/v2\/users\/2"}],"replies":[{"embeddable":true,"href":"https:\/\/www.power-link.ca\/fr\/wp-json\/wp\/v2\/comments?post=198"}],"version-history":[{"count":80,"href":"https:\/\/www.power-link.ca\/fr\/wp-json\/wp\/v2\/pages\/198\/revisions"}],"predecessor-version":[{"id":2233186,"href":"https:\/\/www.power-link.ca\/fr\/wp-json\/wp\/v2\/pages\/198\/revisions\/2233186"}],"wp:attachment":[{"href":"https:\/\/www.power-link.ca\/fr\/wp-json\/wp\/v2\/media?parent=198"}],"curies":[{"name":"wp","href":"https:\/\/api.w.org\/{rel}","templated":true}]}}