{"id":200,"date":"2016-10-05T19:13:18","date_gmt":"2016-10-05T17:13:18","guid":{"rendered":"https:\/\/www.power-link.ca\/?page_id=200&#038;lang=fr"},"modified":"2020-03-09T12:49:34","modified_gmt":"2020-03-09T12:49:34","slug":"contact","status":"publish","type":"page","link":"https:\/\/www.power-link.ca\/fr\/contact\/","title":{"rendered":"Contact"},"content":{"rendered":"<div class=\"wpb-content-wrapper\"><p>[vc_row margin_top=\u00a0\u00bb-50px\u00a0\u00bb full_width_row=\u00a0\u00bbtrue\u00a0\u00bb el_class=\u00a0\u00bbcontact-header\u00a0\u00bb][vc_column el_class=\u00a0\u00bbpaddingformobile\u00a0\u00bb][vc_row_inner content_placement=\u00a0\u00bbmiddle\u00a0\u00bb gap=\u00a0\u00bb10&Prime;][vc_column_inner offset=\u00a0\u00bbvc_col-md-3&Prime;][vc_column_text el_class=\u00a0\u00bbtitre\u00a0\u00bb]<\/p>\n<h1>Contact<\/h1>\n<p>[\/vc_column_text][\/vc_column_inner][vc_column_inner offset=\u00a0\u00bbvc_col-md-6&Prime;][vc_column_text]<\/p>\n<p class=\"border\"><strong><em>\u00c0 seulement 7 minutes du centre-ville de Montr\u00e9al!<\/em><\/strong><\/p>\n<p><span style=\"font-size: 16pt;\">En sortant du pont Champlain, suivez la 10 (Autoroute des Cantons de l\u2019Est), prenez l\u2019autoroute 30 (Autoroute de l\u2019acier) direction Sorel et prenez la sortie Grande-All\u00e9e (St-Hubert) sortie 110. Passez sur le viaduc et tournez \u00e0 droite sur J-A Bombardier. Vous ne pouvez nous manquer. Pr\u00e8s du Mail Dix-30 \u00e0 Brossard.<\/span>[\/vc_column_text][\/vc_column_inner][vc_column_inner offset=\u00a0\u00bbvc_col-md-3&Prime;]<div class=\" ubtn-ctn-center bouton\"><a class=\"ubtn-link ult-adjust-bottom-margin ubtn-center ubtn-normal bouton\" href=\"https:\/\/www.google.ca\/maps\/place\/Power+Link+Inc\/@45.4586563,-73.4161649,17z\/data=!4m13!1m7!3m6!1s0x4cc906012a7d023b:0x7124a787fcec6258!2s5405+Rue+J+A+Bombardier,+Saint-Hubert,+QC+J3Z+1K3!3b1!8m2!3d45.4586563!4d-73.4139762!3m4!1s0x4cc90600d4ee7339:0xf5ae9e247f70c890!8m2!3d45.4586563!4d-73.4139762?hl=fr\" target=\"_blank\" rel=\"noopener\" ><button type=\"button\" id=\"ubtn-6293\"  class=\"ubtn ult-adjust-bottom-margin ult-responsive ubtn-normal ubtn-fade-bg  none  ubtn-center   tooltip-69f496d1aa5e3\"  data-hover=\"\" data-border-color=\"\" data-bg=\"#d60015\" data-hover-bg=\"#3e3f45\" data-border-hover=\"\" data-shadow-hover=\"\" data-shadow-click=\"none\" data-shadow=\"\" data-shd-shadow=\"\"  data-ultimate-target='#ubtn-6293'  data-responsive-json-new='{\"font-size\":\"\",\"line-height\":\"\"}'  style=\"font-weight:bold;border:none;background: #d60015;color: #ffffff;\"><span class=\"ubtn-hover\" style=\"background-color:#3e3f45\"><\/span><span class=\"ubtn-data ubtn-text \" >Voir sur Google MAp<\/span><\/button><\/a><\/div>[\/vc_column_inner][\/vc_row_inner][\/vc_column][\/vc_row][vc_row full_width_row=\u00a0\u00bbtrue\u00a0\u00bb el_class=\u00a0\u00bbcontact-map\u00a0\u00bb][vc_column][vc_column_text]<\/p>\n<div id=\"map_wrapper\">\n<div id=\"map_canvas\" class=\"mapping\">map<\/div>\n<\/div>\n<p>[\/vc_column_text][vc_row_inner el_class=\u00a0\u00bbcontact-info-links\u00a0\u00bb][vc_column_inner][vc_column_text el_class=\u00a0\u00bbcontact-info\u00a0\u00bb]<\/p>\n<h2><span style=\"color: #ffffff;\">Power Link inc.<\/span><\/h2>\n<p><span style=\"font-size: 18pt;\">5405 J.A. Bombardier,<\/span><br \/>\n<span style=\"font-size: 18pt;\">St-Hubert, Qu\u00e9bec<\/span><br \/>\n<span style=\"font-size: 18pt;\">J3Z 1K3<\/span><\/p>\n<div class=\"clearfix\">\n<div style=\"width: 33%; float: left;\"><span style=\"color: #ffffff;\">T\u00e9l.:<\/span><br \/>\n<span style=\"color: #ffffff;\">Sans frais:<\/span><br \/>\n<span style=\"color: #ffffff;\">Fax:<\/span><\/div>\n<div style=\"float: right; width: 60%;\"><a class=\"phone\" href=\"tel:4506780588\">450.678.0588<\/a><br \/>\n<a class=\"phone\" href=\"tel:18004631443\">1.800.463.1443<\/a><br \/>\n<span class=\"phone\">450.678.3250<\/span><\/div>\n<\/div>\n<p>[\/vc_column_text][vc_column_text el_class=\u00a0\u00bbcontact-links\u00a0\u00bb]<i class=\"fa fa-envelope-o\"><\/i> <a href=\"#contactForm\">Contactez-nous<\/a><br \/>\n<i class=\"fa fa-comment-o\"><\/i> <a href=\"https:\/\/app.chaport.com\/widget\/show.html?appid=5cebf76356b26d77e10b939e\" target=\"_blank\" rel=\"noopener noreferrer\">Chat with us<\/a><br \/>\n<i class=\"fa fa-facebook\"><\/i> <a href=\"http:\/\/www.facebook.com\/PowerLinkinc\" target=\"_blank\" rel=\"noopener noreferrer\">Suivez-nous<\/a>[\/vc_column_text][\/vc_column_inner][\/vc_row_inner][\/vc_column][\/vc_row][vc_row margin_bottom=\u00a0\u00bb-50px\u00a0\u00bb el_class=\u00a0\u00bbcontact-form\u00a0\u00bb css=\u00a0\u00bb.vc_custom_1583757256562{margin-bottom: -50px !important;}\u00a0\u00bb anchor=\u00a0\u00bbcontactForm\u00a0\u00bb][vc_column el_id=\u00a0\u00bbcontactForm\u00a0\u00bb][vc_row_inner][vc_column_inner][vc_column_text el_class=\u00a0\u00bbtitre\u00a0\u00bb]<\/p>\n<h2>Formulaire de demande d&rsquo;information<\/h2>\n<p>[\/vc_column_text]\n<div class=\"wpcf7 no-js\" id=\"wpcf7-f54-o1\" lang=\"fr-FR\" dir=\"ltr\" data-wpcf7-id=\"54\">\n<div class=\"screen-reader-response\"><p role=\"status\" aria-live=\"polite\" aria-atomic=\"true\"><\/p> <ul><\/ul><\/div>\n<form action=\"\/fr\/wp-json\/wp\/v2\/pages\/200#wpcf7-f54-o1\" method=\"post\" class=\"wpcf7-form init\" aria-label=\"Formulaire de contact\" novalidate=\"novalidate\" data-status=\"init\">\n<fieldset class=\"hidden-fields-container\"><input type=\"hidden\" name=\"_wpcf7\" value=\"54\" \/><input type=\"hidden\" name=\"_wpcf7_version\" value=\"6.1.1\" \/><input type=\"hidden\" name=\"_wpcf7_locale\" value=\"fr_FR\" \/><input type=\"hidden\" name=\"_wpcf7_unit_tag\" value=\"wpcf7-f54-o1\" \/><input type=\"hidden\" name=\"_wpcf7_container_post\" value=\"0\" \/><input type=\"hidden\" name=\"_wpcf7_posted_data_hash\" value=\"\" \/><input type=\"hidden\" name=\"_wpcf7dtx_version\" value=\"5.0.3\" \/><input type=\"hidden\" name=\"_wpcf7_recaptcha_response\" value=\"\" \/>\n<\/fieldset>\n<div class=\"vc_row\">\n\t<div class=\"vc_col-md-6\">\n\t\t<p><span class=\"wpcf7-form-control-wrap\" data-name=\"nom\"><input size=\"40\" maxlength=\"400\" class=\"wpcf7-form-control wpcf7-text wpcf7-validates-as-required\" aria-required=\"true\" aria-invalid=\"false\" placeholder=\"Nom\" value=\"\" type=\"text\" name=\"nom\" \/><\/span>\n\t\t<\/p>\n\t<\/div>\n\t<div class=\"vc_col-md-6\">\n\t\t<p><span class=\"wpcf7-form-control-wrap\" data-name=\"telephone\"><input size=\"40\" maxlength=\"400\" class=\"wpcf7-form-control wpcf7-tel wpcf7-validates-as-required wpcf7-text wpcf7-validates-as-tel\" aria-required=\"true\" aria-invalid=\"false\" placeholder=\"T\u00e9l\u00e9phone\" value=\"\" type=\"tel\" name=\"telephone\" \/><\/span>\n\t\t<\/p>\n\t<\/div>\n<\/div>\n<div class=\"vc_row\">\n\t<div class=\"vc_col-md-6\">\n\t\t<p><span class=\"wpcf7-form-control-wrap\" data-name=\"email\"><input size=\"40\" maxlength=\"400\" class=\"wpcf7-form-control wpcf7-email wpcf7-validates-as-required wpcf7-text wpcf7-validates-as-email\" aria-required=\"true\" aria-invalid=\"false\" placeholder=\"Courriel\" value=\"\" type=\"email\" name=\"email\" \/><\/span>\n\t\t<\/p>\n\t<\/div>\n<\/div>\n<div class=\"vc_row\">\n\t<div class=\"vc_col-md-12\">\n\t\t<p><span class=\"wpcf7-form-control-wrap\" data-name=\"message\"><textarea cols=\"40\" rows=\"10\" maxlength=\"2000\" class=\"wpcf7-form-control wpcf7-textarea\" aria-invalid=\"false\" placeholder=\"Ins\u00e9rez votre texte ici...\" name=\"message\"><\/textarea><\/span>\n\t\t<\/p>\n\t<\/div>\n<\/div>\n<div class=\"vc_row\">\n\t<div class=\"vc_col-md-12\">\n\t\n\t<\/div>\n<\/div>\n<div class=\"vc_row\">\n\t<div class=\"vc_col-md-12\">\n\t\t<p><input class=\"wpcf7-form-control wpcf7-submit has-spinner\" type=\"submit\" value=\"Envoyer\" \/>\n\t\t<\/p>\n\t<\/div>\n<\/div><div class=\"wpcf7-response-output\" aria-hidden=\"true\"><\/div>\n<\/form>\n<\/div>\n[\/vc_column_inner][\/vc_row_inner][\/vc_column][\/vc_row]<\/p>\n<\/div>","protected":false},"excerpt":{"rendered":"<p>[vc_row margin_top=\u00a0\u00bb-50px\u00a0\u00bb full_width_row=\u00a0\u00bbtrue\u00a0\u00bb el_class=\u00a0\u00bbcontact-header\u00a0\u00bb][vc_column el_class=\u00a0\u00bbpaddingformobile\u00a0\u00bb][vc_row_inner content_placement=\u00a0\u00bbmiddle\u00a0\u00bb gap=\u00a0\u00bb10&Prime;][vc_column_inner offset=\u00a0\u00bbvc_col-md-3&Prime;][vc_column_text el_class=\u00a0\u00bbtitre\u00a0\u00bb] Contact [\/vc_column_text][\/vc_column_inner][vc_column_inner offset=\u00a0\u00bbvc_col-md-6&Prime;][vc_column_text] \u00c0 seulement 7 minutes du centre-ville de Montr\u00e9al! En sortant du pont Champlain, suivez la 10 (Autoroute des Cantons de l\u2019Est), prenez l\u2019autoroute 30 (Autoroute de l\u2019acier) direction Sorel et prenez la sortie Grande-All\u00e9e (St-Hubert) sortie 110. Passez sur le viaduc et tournez&hellip;<\/p>\n","protected":false},"author":2,"featured_media":0,"parent":0,"menu_order":0,"comment_status":"closed","ping_status":"closed","template":"contact.php","meta":{"_acf_changed":false,"_monsterinsights_skip_tracking":false,"_monsterinsights_sitenote_active":false,"_monsterinsights_sitenote_note":"","_monsterinsights_sitenote_category":0},"class_list":["post-200","page","type-page","status-publish","hentry","description-off"],"acf":[],"yoast_head":"<!-- This site is optimized with the Yoast SEO plugin v25.9 - https:\/\/yoast.com\/wordpress\/plugins\/seo\/ -->\n<title>Contact - Power link<\/title>\n<meta name=\"robots\" content=\"index, follow, max-snippet:-1, max-image-preview:large, max-video-preview:-1\" \/>\n<link rel=\"canonical\" href=\"https:\/\/www.power-link.ca\/fr\/contact\/\" \/>\n<meta property=\"og:locale\" content=\"fr_FR\" \/>\n<meta property=\"og:type\" content=\"article\" \/>\n<meta property=\"og:title\" content=\"Contact - Power link\" \/>\n<meta property=\"og:description\" content=\"[vc_row margin_top=\u00a0\u00bb-50px\u00a0\u00bb full_width_row=\u00a0\u00bbtrue\u00a0\u00bb el_class=\u00a0\u00bbcontact-header\u00a0\u00bb][vc_column el_class=\u00a0\u00bbpaddingformobile\u00a0\u00bb][vc_row_inner content_placement=\u00a0\u00bbmiddle\u00a0\u00bb gap=\u00a0\u00bb10&Prime;][vc_column_inner offset=\u00a0\u00bbvc_col-md-3&Prime;][vc_column_text el_class=\u00a0\u00bbtitre\u00a0\u00bb] Contact [\/vc_column_text][\/vc_column_inner][vc_column_inner offset=\u00a0\u00bbvc_col-md-6&Prime;][vc_column_text] \u00c0 seulement 7 minutes du centre-ville de Montr\u00e9al! En sortant du pont Champlain, suivez la 10 (Autoroute des Cantons de l\u2019Est), prenez l\u2019autoroute 30 (Autoroute de l\u2019acier) direction Sorel et prenez la sortie Grande-All\u00e9e (St-Hubert) sortie 110. Passez sur le viaduc et tournez&hellip;\" \/>\n<meta property=\"og:url\" content=\"https:\/\/www.power-link.ca\/fr\/contact\/\" \/>\n<meta property=\"og:site_name\" content=\"Power link\" \/>\n<meta property=\"article:modified_time\" content=\"2020-03-09T12:49:34+00:00\" \/>\n<meta name=\"twitter:card\" content=\"summary_large_image\" \/>\n<meta name=\"twitter:label1\" content=\"Dur\u00e9e de lecture estim\u00e9e\" \/>\n\t<meta name=\"twitter:data1\" content=\"2 minutes\" \/>\n<script type=\"application\/ld+json\" class=\"yoast-schema-graph\">{\"@context\":\"https:\/\/schema.org\",\"@graph\":[{\"@type\":\"WebPage\",\"@id\":\"https:\/\/www.power-link.ca\/fr\/contact\/\",\"url\":\"https:\/\/www.power-link.ca\/fr\/contact\/\",\"name\":\"Contact - Power link\",\"isPartOf\":{\"@id\":\"https:\/\/www.power-link.ca\/#website\"},\"datePublished\":\"2016-10-05T17:13:18+00:00\",\"dateModified\":\"2020-03-09T12:49:34+00:00\",\"breadcrumb\":{\"@id\":\"https:\/\/www.power-link.ca\/fr\/contact\/#breadcrumb\"},\"inLanguage\":\"fr-FR\",\"potentialAction\":[{\"@type\":\"ReadAction\",\"target\":[\"https:\/\/www.power-link.ca\/fr\/contact\/\"]}]},{\"@type\":\"BreadcrumbList\",\"@id\":\"https:\/\/www.power-link.ca\/fr\/contact\/#breadcrumb\",\"itemListElement\":[{\"@type\":\"ListItem\",\"position\":1,\"name\":\"Accueil\",\"item\":\"https:\/\/www.power-link.ca\/fr\/\"},{\"@type\":\"ListItem\",\"position\":2,\"name\":\"Contact\"}]},{\"@type\":\"WebSite\",\"@id\":\"https:\/\/www.power-link.ca\/#website\",\"url\":\"https:\/\/www.power-link.ca\/\",\"name\":\"Power link\",\"description\":\"Your link to power transmission products\",\"publisher\":{\"@id\":\"https:\/\/www.power-link.ca\/#organization\"},\"potentialAction\":[{\"@type\":\"SearchAction\",\"target\":{\"@type\":\"EntryPoint\",\"urlTemplate\":\"https:\/\/www.power-link.ca\/?s={search_term_string}\"},\"query-input\":{\"@type\":\"PropertyValueSpecification\",\"valueRequired\":true,\"valueName\":\"search_term_string\"}}],\"inLanguage\":\"fr-FR\"},{\"@type\":\"Organization\",\"@id\":\"https:\/\/www.power-link.ca\/#organization\",\"name\":\"Power-Link\",\"url\":\"https:\/\/www.power-link.ca\/\",\"logo\":{\"@type\":\"ImageObject\",\"inLanguage\":\"fr-FR\",\"@id\":\"https:\/\/www.power-link.ca\/#\/schema\/logo\/image\/\",\"url\":\"https:\/\/www.power-link.ca\/wp-content\/uploads\/2017\/05\/power-link-transparent.png\",\"contentUrl\":\"https:\/\/www.power-link.ca\/wp-content\/uploads\/2017\/05\/power-link-transparent.png\",\"width\":183,\"height\":69,\"caption\":\"Power-Link\"},\"image\":{\"@id\":\"https:\/\/www.power-link.ca\/#\/schema\/logo\/image\/\"}}]}<\/script>\n<!-- \/ Yoast SEO plugin. -->","yoast_head_json":{"title":"Contact - Power link","robots":{"index":"index","follow":"follow","max-snippet":"max-snippet:-1","max-image-preview":"max-image-preview:large","max-video-preview":"max-video-preview:-1"},"canonical":"https:\/\/www.power-link.ca\/fr\/contact\/","og_locale":"fr_FR","og_type":"article","og_title":"Contact - Power link","og_description":"[vc_row margin_top=\u00a0\u00bb-50px\u00a0\u00bb full_width_row=\u00a0\u00bbtrue\u00a0\u00bb el_class=\u00a0\u00bbcontact-header\u00a0\u00bb][vc_column el_class=\u00a0\u00bbpaddingformobile\u00a0\u00bb][vc_row_inner content_placement=\u00a0\u00bbmiddle\u00a0\u00bb gap=\u00a0\u00bb10&Prime;][vc_column_inner offset=\u00a0\u00bbvc_col-md-3&Prime;][vc_column_text el_class=\u00a0\u00bbtitre\u00a0\u00bb] Contact [\/vc_column_text][\/vc_column_inner][vc_column_inner offset=\u00a0\u00bbvc_col-md-6&Prime;][vc_column_text] \u00c0 seulement 7 minutes du centre-ville de Montr\u00e9al! En sortant du pont Champlain, suivez la 10 (Autoroute des Cantons de l\u2019Est), prenez l\u2019autoroute 30 (Autoroute de l\u2019acier) direction Sorel et prenez la sortie Grande-All\u00e9e (St-Hubert) sortie 110. Passez sur le viaduc et tournez&hellip;","og_url":"https:\/\/www.power-link.ca\/fr\/contact\/","og_site_name":"Power link","article_modified_time":"2020-03-09T12:49:34+00:00","twitter_card":"summary_large_image","twitter_misc":{"Dur\u00e9e de lecture estim\u00e9e":"2 minutes"},"schema":{"@context":"https:\/\/schema.org","@graph":[{"@type":"WebPage","@id":"https:\/\/www.power-link.ca\/fr\/contact\/","url":"https:\/\/www.power-link.ca\/fr\/contact\/","name":"Contact - Power link","isPartOf":{"@id":"https:\/\/www.power-link.ca\/#website"},"datePublished":"2016-10-05T17:13:18+00:00","dateModified":"2020-03-09T12:49:34+00:00","breadcrumb":{"@id":"https:\/\/www.power-link.ca\/fr\/contact\/#breadcrumb"},"inLanguage":"fr-FR","potentialAction":[{"@type":"ReadAction","target":["https:\/\/www.power-link.ca\/fr\/contact\/"]}]},{"@type":"BreadcrumbList","@id":"https:\/\/www.power-link.ca\/fr\/contact\/#breadcrumb","itemListElement":[{"@type":"ListItem","position":1,"name":"Accueil","item":"https:\/\/www.power-link.ca\/fr\/"},{"@type":"ListItem","position":2,"name":"Contact"}]},{"@type":"WebSite","@id":"https:\/\/www.power-link.ca\/#website","url":"https:\/\/www.power-link.ca\/","name":"Power link","description":"Your link to power transmission products","publisher":{"@id":"https:\/\/www.power-link.ca\/#organization"},"potentialAction":[{"@type":"SearchAction","target":{"@type":"EntryPoint","urlTemplate":"https:\/\/www.power-link.ca\/?s={search_term_string}"},"query-input":{"@type":"PropertyValueSpecification","valueRequired":true,"valueName":"search_term_string"}}],"inLanguage":"fr-FR"},{"@type":"Organization","@id":"https:\/\/www.power-link.ca\/#organization","name":"Power-Link","url":"https:\/\/www.power-link.ca\/","logo":{"@type":"ImageObject","inLanguage":"fr-FR","@id":"https:\/\/www.power-link.ca\/#\/schema\/logo\/image\/","url":"https:\/\/www.power-link.ca\/wp-content\/uploads\/2017\/05\/power-link-transparent.png","contentUrl":"https:\/\/www.power-link.ca\/wp-content\/uploads\/2017\/05\/power-link-transparent.png","width":183,"height":69,"caption":"Power-Link"},"image":{"@id":"https:\/\/www.power-link.ca\/#\/schema\/logo\/image\/"}}]}},"_links":{"self":[{"href":"https:\/\/www.power-link.ca\/fr\/wp-json\/wp\/v2\/pages\/200","targetHints":{"allow":["GET"]}}],"collection":[{"href":"https:\/\/www.power-link.ca\/fr\/wp-json\/wp\/v2\/pages"}],"about":[{"href":"https:\/\/www.power-link.ca\/fr\/wp-json\/wp\/v2\/types\/page"}],"author":[{"embeddable":true,"href":"https:\/\/www.power-link.ca\/fr\/wp-json\/wp\/v2\/users\/2"}],"replies":[{"embeddable":true,"href":"https:\/\/www.power-link.ca\/fr\/wp-json\/wp\/v2\/comments?post=200"}],"version-history":[{"count":15,"href":"https:\/\/www.power-link.ca\/fr\/wp-json\/wp\/v2\/pages\/200\/revisions"}],"predecessor-version":[{"id":1252109,"href":"https:\/\/www.power-link.ca\/fr\/wp-json\/wp\/v2\/pages\/200\/revisions\/1252109"}],"wp:attachment":[{"href":"https:\/\/www.power-link.ca\/fr\/wp-json\/wp\/v2\/media?parent=200"}],"curies":[{"name":"wp","href":"https:\/\/api.w.org\/{rel}","templated":true}]}}